{"id":3076,"date":"2020-12-22T17:37:13","date_gmt":"2020-12-22T16:37:13","guid":{"rendered":"https:\/\/www.appetizerblog.com\/?page_id=3076"},"modified":"2022-05-04T09:48:08","modified_gmt":"2022-05-04T07:48:08","slug":"sobre-nosotros","status":"publish","type":"page","link":"https:\/\/www.appetizerblog.com\/es\/sobre-nosotros\/","title":{"rendered":"Sobre nosotros"},"content":{"rendered":"<h3><span style=\"color: #ef4130;\">Symrise Pet Food es el l\u00edder mundial y pionero en soluciones de alto valor que mejoran el bienestar de las mascotas y la satisfacci\u00f3n de los due\u00f1os.<\/span><\/h3>\n<p>&nbsp;<\/p>\n<p>Con presencia global en los cinco continentes, 1500 empleados y 1100 perros y gatos en 31 sitios, Symrise Pet Food tiene en cuenta a todas las partes interesadas. Nos esforzamos por mejorar la calidad de vida de las mascotas, aumentar la satisfacci\u00f3n de sus due\u00f1os y respaldar el desempe\u00f1o de la marca del cliente, todo al mismo tiempo.<br \/>\nLas marcas expertas de Symrise Pet Food brindan m\u00faltiples soluciones a los fabricantes de alimentos para mascotas: SPF desarrolla palatantes, mientras que Nutrios se especializa en soluciones de nutrici\u00f3n y Videka se concentra en la protecci\u00f3n de los alimentos. Nuestro centro de medici\u00f3n experto, Panelis, valida el rendimiento tanto de nuestras soluciones de marca experta como de los productos de los clientes.<br \/>\nTodas nuestras marcas est\u00e1n imbuidas de una s\u00f3lida cultura de innovaci\u00f3n y se han desarrollado con conocimientos expertos en I+D, conocimiento del mercado y aplicaci\u00f3n industrial. Al compartir nuestros hallazgos con nuestros clientes, los ayudamos a estar siempre un paso adelante.<\/p>\n<p>&nbsp;<\/p>\n<p><strong>Visite el sitio web de Symrise Pet Food: <a href=\"http:\/\/petfood.symrise.com\">petfood.symrise.com<\/a><br \/>\n<\/strong><\/p>\n","protected":false},"excerpt":{"rendered":"<p>Symrise Pet Food es el l\u00edder mundial y pionero en soluciones de alto valor que mejoran el bienestar de las mascotas y la satisfacci\u00f3n de los due\u00f1os. &nbsp; Con presencia global en los cinco continentes, 1500 empleados y 1100 perros y gatos en 31 sitios, Symrise Pet Food tiene en cuenta a todas las partes interesadas. Nos esforzamos por mejorar la calidad de vida de las mascotas, aumentar la satisfacci\u00f3n de sus due\u00f1os y respaldar el desempe\u00f1o de la marca del cliente, todo al mismo tiempo. Las marcas expertas de Symrise Pet Food brindan m\u00faltiples soluciones a los fabricantes de alimentos para mascotas: SPF desarrolla palatantes, mientras que Nutrios se especializa en soluciones de nutrici\u00f3n y Videka se concentra en la protecci\u00f3n de los alimentos. Nuestro centro de medici\u00f3n experto, Panelis, valida el rendimiento tanto de nuestras soluciones de marca experta como de los productos de los clientes. Todas nuestras marcas est\u00e1n imbuidas de una s\u00f3lida cultura de innovaci\u00f3n y se han desarrollado con conocimientos expertos en I+D, conocimiento del mercado y aplicaci\u00f3n industrial. Al compartir nuestros hallazgos con nuestros clientes, los ayudamos a estar siempre un paso adelante. &nbsp; Visite el sitio web de Symrise Pet Food: petfood.symrise.com<\/p>\n","protected":false},"author":1,"featured_media":9288,"parent":0,"menu_order":0,"comment_status":"closed","ping_status":"closed","template":"","meta":[],"yoast_head":"<!-- This site is optimized with the Yoast SEO plugin v15.8 - https:\/\/yoast.com\/wordpress\/plugins\/seo\/ -->\n<title>Sobre nosotros - Appetizer - Symrise Pet Food<\/title>\n<meta name=\"robots\" content=\"index, follow, max-snippet:-1, max-image-preview:large, max-video-preview:-1\" \/>\n<link rel=\"canonical\" href=\"https:\/\/www.appetizerblog.com\/es\/sobre-nosotros\/\" \/>\n<meta property=\"og:locale\" content=\"es_ES\" \/>\n<meta property=\"og:type\" content=\"article\" \/>\n<meta property=\"og:title\" content=\"Sobre nosotros - Appetizer - Symrise Pet Food\" \/>\n<meta property=\"og:description\" content=\"Symrise Pet Food es el l\u00edder mundial y pionero en soluciones de alto valor que mejoran el bienestar de las mascotas y la satisfacci\u00f3n de los due\u00f1os. &nbsp; Con presencia global en los cinco continentes, 1500 empleados y 1100 perros y gatos en 31 sitios, Symrise Pet Food tiene en cuenta a todas las partes interesadas. Nos esforzamos por mejorar la calidad de vida de las mascotas, aumentar la satisfacci\u00f3n de sus due\u00f1os y respaldar el desempe\u00f1o de la marca del cliente, todo al mismo tiempo. Las marcas expertas de Symrise Pet Food brindan m\u00faltiples soluciones a los fabricantes de alimentos para mascotas: SPF desarrolla palatantes, mientras que Nutrios se especializa en soluciones de nutrici\u00f3n y Videka se concentra en la protecci\u00f3n de los alimentos. Nuestro centro de medici\u00f3n experto, Panelis, valida el rendimiento tanto de nuestras soluciones de marca experta como de los productos de los clientes. Todas nuestras marcas est\u00e1n imbuidas de una s\u00f3lida cultura de innovaci\u00f3n y se han desarrollado con conocimientos expertos en I+D, conocimiento del mercado y aplicaci\u00f3n industrial. Al compartir nuestros hallazgos con nuestros clientes, los ayudamos a estar siempre un paso adelante. &nbsp; Visite el sitio web de Symrise Pet Food: petfood.symrise.com\" \/>\n<meta property=\"og:url\" content=\"https:\/\/www.appetizerblog.com\/es\/sobre-nosotros\/\" \/>\n<meta property=\"og:site_name\" content=\"Appetizer - Symrise Pet Food\" \/>\n<meta property=\"article:modified_time\" content=\"2022-05-04T07:48:08+00:00\" \/>\n<meta property=\"og:image\" content=\"https:\/\/www.appetizerblog.com\/wp-content\/uploads\/2022\/05\/SYM_PF_visual_blog_About-US_1920x720px.jpg\" \/>\n\t<meta property=\"og:image:width\" content=\"1920\" \/>\n\t<meta property=\"og:image:height\" content=\"720\" \/>\n<meta name=\"twitter:card\" content=\"summary_large_image\" \/>\n<meta name=\"twitter:label1\" content=\"Est. reading time\">\n\t<meta name=\"twitter:data1\" content=\"1 minuto\">\n<script type=\"application\/ld+json\" class=\"yoast-schema-graph\">{\"@context\":\"https:\/\/schema.org\",\"@graph\":[{\"@type\":\"Organization\",\"@id\":\"https:\/\/www.appetizerblog.com\/es\/#organization\",\"name\":\"Symrise Pet Food\",\"url\":\"https:\/\/www.appetizerblog.com\/es\/\",\"sameAs\":[],\"logo\":{\"@type\":\"ImageObject\",\"@id\":\"https:\/\/www.appetizerblog.com\/es\/#logo\",\"inLanguage\":\"es\",\"url\":\"https:\/\/www.appetizerblog.com\/wp-content\/uploads\/2018\/10\/DPF-APPETIZER-IDENTITY-292x42-2-1-e1539605039289.png\",\"width\":280,\"height\":60,\"caption\":\"Symrise Pet Food\"},\"image\":{\"@id\":\"https:\/\/www.appetizerblog.com\/es\/#logo\"}},{\"@type\":\"WebSite\",\"@id\":\"https:\/\/www.appetizerblog.com\/es\/#website\",\"url\":\"https:\/\/www.appetizerblog.com\/es\/\",\"name\":\"Appetizer - Symrise Pet Food\",\"description\":\"Feeding the curiosity of pet food professionals\",\"publisher\":{\"@id\":\"https:\/\/www.appetizerblog.com\/es\/#organization\"},\"potentialAction\":[{\"@type\":\"SearchAction\",\"target\":\"https:\/\/www.appetizerblog.com\/es\/?s={search_term_string}\",\"query-input\":\"required name=search_term_string\"}],\"inLanguage\":\"es\"},{\"@type\":\"ImageObject\",\"@id\":\"https:\/\/www.appetizerblog.com\/es\/sobre-nosotros\/#primaryimage\",\"inLanguage\":\"es\",\"url\":\"https:\/\/www.appetizerblog.com\/wp-content\/uploads\/2022\/05\/SYM_PF_visual_blog_About-US_1920x720px.jpg\",\"width\":1920,\"height\":720},{\"@type\":\"WebPage\",\"@id\":\"https:\/\/www.appetizerblog.com\/es\/sobre-nosotros\/#webpage\",\"url\":\"https:\/\/www.appetizerblog.com\/es\/sobre-nosotros\/\",\"name\":\"Sobre nosotros - Appetizer - Symrise Pet Food\",\"isPartOf\":{\"@id\":\"https:\/\/www.appetizerblog.com\/es\/#website\"},\"primaryImageOfPage\":{\"@id\":\"https:\/\/www.appetizerblog.com\/es\/sobre-nosotros\/#primaryimage\"},\"datePublished\":\"2020-12-22T16:37:13+00:00\",\"dateModified\":\"2022-05-04T07:48:08+00:00\",\"breadcrumb\":{\"@id\":\"https:\/\/www.appetizerblog.com\/es\/sobre-nosotros\/#breadcrumb\"},\"inLanguage\":\"es\",\"potentialAction\":[{\"@type\":\"ReadAction\",\"target\":[\"https:\/\/www.appetizerblog.com\/es\/sobre-nosotros\/\"]}]},{\"@type\":\"BreadcrumbList\",\"@id\":\"https:\/\/www.appetizerblog.com\/es\/sobre-nosotros\/#breadcrumb\",\"itemListElement\":[{\"@type\":\"ListItem\",\"position\":1,\"item\":{\"@type\":\"WebPage\",\"@id\":\"https:\/\/www.appetizerblog.com\/es\/\",\"url\":\"https:\/\/www.appetizerblog.com\/es\/\",\"name\":\"Inicio\"}},{\"@type\":\"ListItem\",\"position\":2,\"item\":{\"@type\":\"WebPage\",\"@id\":\"https:\/\/www.appetizerblog.com\/es\/sobre-nosotros\/\",\"url\":\"https:\/\/www.appetizerblog.com\/es\/sobre-nosotros\/\",\"name\":\"Sobre nosotros\"}}]}]}<\/script>\n<!-- \/ Yoast SEO plugin. -->","_links":{"self":[{"href":"https:\/\/www.appetizerblog.com\/es\/wp-json\/wp\/v2\/pages\/3076"}],"collection":[{"href":"https:\/\/www.appetizerblog.com\/es\/wp-json\/wp\/v2\/pages"}],"about":[{"href":"https:\/\/www.appetizerblog.com\/es\/wp-json\/wp\/v2\/types\/page"}],"author":[{"embeddable":true,"href":"https:\/\/www.appetizerblog.com\/es\/wp-json\/wp\/v2\/users\/1"}],"replies":[{"embeddable":true,"href":"https:\/\/www.appetizerblog.com\/es\/wp-json\/wp\/v2\/comments?post=3076"}],"version-history":[{"count":6,"href":"https:\/\/www.appetizerblog.com\/es\/wp-json\/wp\/v2\/pages\/3076\/revisions"}],"predecessor-version":[{"id":9109,"href":"https:\/\/www.appetizerblog.com\/es\/wp-json\/wp\/v2\/pages\/3076\/revisions\/9109"}],"wp:featuredmedia":[{"embeddable":true,"href":"https:\/\/www.appetizerblog.com\/es\/wp-json\/wp\/v2\/media\/9288"}],"wp:attachment":[{"href":"https:\/\/www.appetizerblog.com\/es\/wp-json\/wp\/v2\/media?parent=3076"}],"curies":[{"name":"wp","href":"https:\/\/api.w.org\/{rel}","templated":true}]}}