{"id":3078,"date":"2020-12-30T08:38:47","date_gmt":"2020-12-30T07:38:47","guid":{"rendered":"https:\/\/www.appetizerblog.com\/?page_id=3078"},"modified":"2022-03-31T15:29:07","modified_gmt":"2022-03-31T13:29:07","slug":"sobre-el-blog","status":"publish","type":"page","link":"https:\/\/www.appetizerblog.com\/es\/sobre-el-blog\/","title":{"rendered":"Sobre el blog"},"content":{"rendered":"<h3><span style=\"color: #ef4130;\">En Symrise Pet Food, estamos muy felices de compartir nuestra experiencia.<br \/>\nNuestro blog, Appetizer, es solo una forma en que podemos hacer esto.<\/span><\/h3>\n<p>&nbsp;<\/p>\n<p>Hemos trabajado en estrecha colaboraci\u00f3n con nuestros expertos internos para brindarle todas las herramientas e informaci\u00f3n que necesitas para ayudarte a desarrollar tu negocio. Aqu\u00ed encontrar\u00e1s una variedad de art\u00edculos que incluyen: back to basics (volver a lo b\u00e1sico); consejos; an\u00e1lisis de tendencias; mejores pr\u00e1cticas; entrevistas con nuestros expertos y videos. Estas publicaciones cubren todas nuestras \u00e1reas clave de especializaci\u00f3n: palatabilidad de alimentos; nutrici\u00f3n de mascotas; protecci\u00f3n de alimentos para mascotas; y medici\u00f3n.<\/p>\n<p>Si tiene alguna pregunta, simplemente haga clic en \u00abcontactar con el experto\u00bb y complete el formulario. Su mensaje ser\u00e1 transferido directamente al experto en cuesti\u00f3n.<\/p>\n<p>&nbsp;<\/p>\n<p>Tambi\u00e9n nos hemos asociado con orgullo con especialistas de la industria como Mintel para enriquecer nuestro contenido con los \u00faltimos conocimientos del mercado.<\/p>\n<p>En una industria cambiante y de r\u00e1pido crecimiento, moldeada por la evoluci\u00f3n de las tecnolog\u00edas y por las nuevas formas de vivir entre due\u00f1os y mascotas, esperamos que este blog te ayude a comprender mejor este fascinante mercado y adem\u00e1s te brinde claves para conocer las expectativas cambiantes de los due\u00f1os para con sus mascotas.<\/p>\n<p>&nbsp;<\/p>\n<p>\u00bfTienes alg\u00fan tema que te gustar\u00eda que trat\u00e1ramos? No dudes en enviarnos tus sugerencias por correo electr\u00f3nico a <a href=\"mailto:contact@diana-petfood.com\">contact@diana-petfood.com<\/a>.<\/p>\n<p>&nbsp;<\/p>\n<p><strong>Como hay mucho que decir y no queremos ser los \u00fanicos hablando, \u00a1lo alentamos activamente a comentar nuestros art\u00edculos!<\/strong><\/p>\n<p>&nbsp;<\/p>\n<p>Los comentarios son una excelente manera de contar con su opini\u00f3n y discutir temas m\u00e1s a fondo, siempre que respete algunas reglas b\u00e1sicas detalladas en nuestra pol\u00edtica de comentarios que se encuentra a continuaci\u00f3n.<\/p>\n<p>Nos reservamos el derecho de editar o eliminar cualquier comentario enviado en este blog sin previo aviso si:<br \/>\n&#8211; contiene contenido promocional que no cumple el prop\u00f3sito<br \/>\n&#8211; no est\u00e1 relacionado con el tema del art\u00edculo<br \/>\n&#8211; contiene contenido inapropiado como blasfemias, lenguaje amenazante, ofensivo y enga\u00f1oso o difamatorio<br \/>\n&#8211; es irrespetuoso o acosa o ataca a otras personas<br \/>\n&#8211; es an\u00f3nimo<\/p>\n<p>&nbsp;<\/p>\n<p>Esta pol\u00edtica de comentarios puede estar sujeta a cambios. No dude en contactarnos si tiene alguna pregunta: <a href=\"mailto:contact@diana-petfood.com\">contact@diana-petfood.com<\/a>.<br \/>\nDado que todos los comentarios son moderados, puede haber un ligero retraso antes de que se publique el suyo. \u00a1Gracias por su comprensi\u00f3n!<\/p>\n","protected":false},"excerpt":{"rendered":"<p>En Symrise Pet Food, estamos muy felices de compartir nuestra experiencia. Nuestro blog, Appetizer, es solo una forma en que podemos hacer esto. &nbsp; Hemos trabajado en estrecha colaboraci\u00f3n con nuestros expertos internos para brindarle todas las herramientas e informaci\u00f3n que necesitas para ayudarte a desarrollar tu negocio. Aqu\u00ed encontrar\u00e1s una variedad de art\u00edculos que incluyen: back to basics (volver a lo b\u00e1sico); consejos; an\u00e1lisis de tendencias; mejores pr\u00e1cticas; entrevistas con nuestros expertos y videos. Estas publicaciones cubren todas nuestras \u00e1reas clave de especializaci\u00f3n: palatabilidad de alimentos; nutrici\u00f3n de mascotas; protecci\u00f3n de alimentos para mascotas; y medici\u00f3n. Si tiene alguna pregunta, simplemente haga clic en \u00abcontactar con el experto\u00bb y complete el formulario. Su mensaje ser\u00e1 transferido directamente al experto en cuesti\u00f3n. &nbsp; Tambi\u00e9n nos hemos asociado con orgullo con especialistas de la industria como Mintel para enriquecer nuestro contenido con los \u00faltimos conocimientos del mercado. En una industria cambiante y de r\u00e1pido crecimiento, moldeada por la evoluci\u00f3n de las tecnolog\u00edas y por las nuevas formas de vivir entre due\u00f1os y mascotas, esperamos que este blog te ayude a comprender mejor este fascinante mercado y adem\u00e1s te brinde claves para conocer las expectativas cambiantes de los due\u00f1os para con sus<\/p>\n","protected":false},"author":1,"featured_media":9233,"parent":0,"menu_order":0,"comment_status":"closed","ping_status":"closed","template":"","meta":[],"yoast_head":"<!-- This site is optimized with the Yoast SEO plugin v15.8 - https:\/\/yoast.com\/wordpress\/plugins\/seo\/ -->\n<title>Sobre el blog - Appetizer - Symrise Pet Food<\/title>\n<meta name=\"robots\" content=\"index, follow, max-snippet:-1, max-image-preview:large, max-video-preview:-1\" \/>\n<link rel=\"canonical\" href=\"https:\/\/www.appetizerblog.com\/es\/sobre-el-blog\/\" \/>\n<meta property=\"og:locale\" content=\"es_ES\" \/>\n<meta property=\"og:type\" content=\"article\" \/>\n<meta property=\"og:title\" content=\"Sobre el blog - Appetizer - Symrise Pet Food\" \/>\n<meta property=\"og:description\" content=\"En Symrise Pet Food, estamos muy felices de compartir nuestra experiencia. Nuestro blog, Appetizer, es solo una forma en que podemos hacer esto. &nbsp; Hemos trabajado en estrecha colaboraci\u00f3n con nuestros expertos internos para brindarle todas las herramientas e informaci\u00f3n que necesitas para ayudarte a desarrollar tu negocio. Aqu\u00ed encontrar\u00e1s una variedad de art\u00edculos que incluyen: back to basics (volver a lo b\u00e1sico); consejos; an\u00e1lisis de tendencias; mejores pr\u00e1cticas; entrevistas con nuestros expertos y videos. Estas publicaciones cubren todas nuestras \u00e1reas clave de especializaci\u00f3n: palatabilidad de alimentos; nutrici\u00f3n de mascotas; protecci\u00f3n de alimentos para mascotas; y medici\u00f3n. Si tiene alguna pregunta, simplemente haga clic en \u00abcontactar con el experto\u00bb y complete el formulario. Su mensaje ser\u00e1 transferido directamente al experto en cuesti\u00f3n. &nbsp; Tambi\u00e9n nos hemos asociado con orgullo con especialistas de la industria como Mintel para enriquecer nuestro contenido con los \u00faltimos conocimientos del mercado. En una industria cambiante y de r\u00e1pido crecimiento, moldeada por la evoluci\u00f3n de las tecnolog\u00edas y por las nuevas formas de vivir entre due\u00f1os y mascotas, esperamos que este blog te ayude a comprender mejor este fascinante mercado y adem\u00e1s te brinde claves para conocer las expectativas cambiantes de los due\u00f1os para con sus\" \/>\n<meta property=\"og:url\" content=\"https:\/\/www.appetizerblog.com\/es\/sobre-el-blog\/\" \/>\n<meta property=\"og:site_name\" content=\"Appetizer - Symrise Pet Food\" \/>\n<meta property=\"article:modified_time\" content=\"2022-03-31T13:29:07+00:00\" \/>\n<meta property=\"og:image\" content=\"https:\/\/www.appetizerblog.com\/wp-content\/uploads\/2021\/01\/diana-pet-food-about-the-blog-1920x720_2021.jpg\" \/>\n\t<meta property=\"og:image:width\" content=\"1920\" \/>\n\t<meta property=\"og:image:height\" content=\"720\" \/>\n<meta name=\"twitter:card\" content=\"summary_large_image\" \/>\n<meta name=\"twitter:label1\" content=\"Est. reading time\">\n\t<meta name=\"twitter:data1\" content=\"2 minutos\">\n<script type=\"application\/ld+json\" class=\"yoast-schema-graph\">{\"@context\":\"https:\/\/schema.org\",\"@graph\":[{\"@type\":\"Organization\",\"@id\":\"https:\/\/www.appetizerblog.com\/es\/#organization\",\"name\":\"Symrise Pet Food\",\"url\":\"https:\/\/www.appetizerblog.com\/es\/\",\"sameAs\":[],\"logo\":{\"@type\":\"ImageObject\",\"@id\":\"https:\/\/www.appetizerblog.com\/es\/#logo\",\"inLanguage\":\"es\",\"url\":\"https:\/\/www.appetizerblog.com\/wp-content\/uploads\/2018\/10\/DPF-APPETIZER-IDENTITY-292x42-2-1-e1539605039289.png\",\"width\":280,\"height\":60,\"caption\":\"Symrise Pet Food\"},\"image\":{\"@id\":\"https:\/\/www.appetizerblog.com\/es\/#logo\"}},{\"@type\":\"WebSite\",\"@id\":\"https:\/\/www.appetizerblog.com\/es\/#website\",\"url\":\"https:\/\/www.appetizerblog.com\/es\/\",\"name\":\"Appetizer - Symrise Pet Food\",\"description\":\"Feeding the curiosity of pet food professionals\",\"publisher\":{\"@id\":\"https:\/\/www.appetizerblog.com\/es\/#organization\"},\"potentialAction\":[{\"@type\":\"SearchAction\",\"target\":\"https:\/\/www.appetizerblog.com\/es\/?s={search_term_string}\",\"query-input\":\"required name=search_term_string\"}],\"inLanguage\":\"es\"},{\"@type\":\"ImageObject\",\"@id\":\"https:\/\/www.appetizerblog.com\/es\/sobre-el-blog\/#primaryimage\",\"inLanguage\":\"es\",\"url\":\"https:\/\/www.appetizerblog.com\/wp-content\/uploads\/2022\/05\/SYM_PF_visual_blog_About-the-blog_1920x720px.jpg\",\"width\":1920,\"height\":720},{\"@type\":\"WebPage\",\"@id\":\"https:\/\/www.appetizerblog.com\/es\/sobre-el-blog\/#webpage\",\"url\":\"https:\/\/www.appetizerblog.com\/es\/sobre-el-blog\/\",\"name\":\"Sobre el blog - Appetizer - Symrise Pet Food\",\"isPartOf\":{\"@id\":\"https:\/\/www.appetizerblog.com\/es\/#website\"},\"primaryImageOfPage\":{\"@id\":\"https:\/\/www.appetizerblog.com\/es\/sobre-el-blog\/#primaryimage\"},\"datePublished\":\"2020-12-30T07:38:47+00:00\",\"dateModified\":\"2022-03-31T13:29:07+00:00\",\"breadcrumb\":{\"@id\":\"https:\/\/www.appetizerblog.com\/es\/sobre-el-blog\/#breadcrumb\"},\"inLanguage\":\"es\",\"potentialAction\":[{\"@type\":\"ReadAction\",\"target\":[\"https:\/\/www.appetizerblog.com\/es\/sobre-el-blog\/\"]}]},{\"@type\":\"BreadcrumbList\",\"@id\":\"https:\/\/www.appetizerblog.com\/es\/sobre-el-blog\/#breadcrumb\",\"itemListElement\":[{\"@type\":\"ListItem\",\"position\":1,\"item\":{\"@type\":\"WebPage\",\"@id\":\"https:\/\/www.appetizerblog.com\/es\/\",\"url\":\"https:\/\/www.appetizerblog.com\/es\/\",\"name\":\"Inicio\"}},{\"@type\":\"ListItem\",\"position\":2,\"item\":{\"@type\":\"WebPage\",\"@id\":\"https:\/\/www.appetizerblog.com\/es\/sobre-el-blog\/\",\"url\":\"https:\/\/www.appetizerblog.com\/es\/sobre-el-blog\/\",\"name\":\"Sobre el blog\"}}]}]}<\/script>\n<!-- \/ Yoast SEO plugin. -->","_links":{"self":[{"href":"https:\/\/www.appetizerblog.com\/es\/wp-json\/wp\/v2\/pages\/3078"}],"collection":[{"href":"https:\/\/www.appetizerblog.com\/es\/wp-json\/wp\/v2\/pages"}],"about":[{"href":"https:\/\/www.appetizerblog.com\/es\/wp-json\/wp\/v2\/types\/page"}],"author":[{"embeddable":true,"href":"https:\/\/www.appetizerblog.com\/es\/wp-json\/wp\/v2\/users\/1"}],"replies":[{"embeddable":true,"href":"https:\/\/www.appetizerblog.com\/es\/wp-json\/wp\/v2\/comments?post=3078"}],"version-history":[{"count":8,"href":"https:\/\/www.appetizerblog.com\/es\/wp-json\/wp\/v2\/pages\/3078\/revisions"}],"predecessor-version":[{"id":9106,"href":"https:\/\/www.appetizerblog.com\/es\/wp-json\/wp\/v2\/pages\/3078\/revisions\/9106"}],"wp:featuredmedia":[{"embeddable":true,"href":"https:\/\/www.appetizerblog.com\/es\/wp-json\/wp\/v2\/media\/9233"}],"wp:attachment":[{"href":"https:\/\/www.appetizerblog.com\/es\/wp-json\/wp\/v2\/media?parent=3078"}],"curies":[{"name":"wp","href":"https:\/\/api.w.org\/{rel}","templated":true}]}}