{"id":3090,"date":"2020-12-30T08:56:42","date_gmt":"2020-12-30T07:56:42","guid":{"rendered":"https:\/\/www.appetizerblog.com\/?page_id=3090"},"modified":"2022-03-31T15:38:33","modified_gmt":"2022-03-31T13:38:33","slug":"sobre-nos","status":"publish","type":"page","link":"https:\/\/www.appetizerblog.com\/pt-br\/sobre-nos\/","title":{"rendered":"Sobre n\u00f3s"},"content":{"rendered":"<h3><span style=\"color: #ef4130;\">Symrise Pet Food \u00e9 l\u00edder global e pioneira em solu\u00e7\u00f5es de alto valor que melhoram o bem-estar dos pets e a satisfa\u00e7\u00e3o de seus propriet\u00e1rios.<\/span><\/h3>\n<p>&nbsp;<\/p>\n<p>Hoje em dia, cada vez mais propriet\u00e1rios consideram seus animais de estima\u00e7\u00e3o como membros da fam\u00edlia. Ao projetar suas pr\u00f3prias prefer\u00eancias e necessidades sobre seus animais, eles est\u00e3o se tornando cada vez mais engajados na compra de produtos para animais de estima\u00e7\u00e3o. Eles esperam mais escolha, maior qualidade e maior prazer para seus animais de estima\u00e7\u00e3o.<br \/>\nCom presen\u00e7a global nos cinco continentes, 1 500 funcion\u00e1rios e 1 100 gatos e c\u00e3es em 31 locais, a Symrise Pet Food est\u00e1 atenta a todas as partes interessadas. N\u00f3s nos esfor\u00e7amos para melhorar a qualidade de vida dos animais de estima\u00e7\u00e3o, aumentar a satisfa\u00e7\u00e3o dos propriet\u00e1rios e apoiar o desempenho da marca do cliente, tudo isso ao mesmo tempo.<br \/>\nAs marcas especializadas da Symrise Pet Food fornecem m\u00faltiplas solu\u00e7\u00f5es para os fabricantes de ra\u00e7\u00e3o para animais de estima\u00e7\u00e3o: A SPF desenvolve palatabilizantes, enquanto a Nutrios \u00e9 especializada em solu\u00e7\u00f5es nutricionais para animais de estima\u00e7\u00e3o, e a Videka se concentra na prote\u00e7\u00e3o dos alimentos. Nosso centro de medi\u00e7\u00e3o especializado, Panelis, valida o desempenho tanto de nossas solu\u00e7\u00f5es de marcas especializadas quanto dos produtos dos clientes.<br \/>\nTodas as nossas marcas est\u00e3o impregnadas de uma forte cultura de inova\u00e7\u00e3o e foram desenvolvidas com know-how especializado em P&amp;D, vis\u00e3o de mercado e aplica\u00e7\u00e3o industrial. Ao compartilhar nossas descobertas com nossos clientes, n\u00f3s os ajudamos a estar sempre um passo \u00e0 frente.<\/p>\n<p>&nbsp;<\/p>\n<p><strong>Visite o site da Symrise Pet Food: <a href=\"https:\/\/petfood.symrise.com\">petfood.symrise.com<\/a><\/strong><\/p>\n","protected":false},"excerpt":{"rendered":"<p>Symrise Pet Food \u00e9 l\u00edder global e pioneira em solu\u00e7\u00f5es de alto valor que melhoram o bem-estar dos pets e a satisfa\u00e7\u00e3o de seus propriet\u00e1rios. &nbsp; Hoje em dia, cada vez mais propriet\u00e1rios consideram seus animais de estima\u00e7\u00e3o como membros da fam\u00edlia. Ao projetar suas pr\u00f3prias prefer\u00eancias e necessidades sobre seus animais, eles est\u00e3o se tornando cada vez mais engajados na compra de produtos para animais de estima\u00e7\u00e3o. Eles esperam mais escolha, maior qualidade e maior prazer para seus animais de estima\u00e7\u00e3o. Com presen\u00e7a global nos cinco continentes, 1 500 funcion\u00e1rios e 1 100 gatos e c\u00e3es em 31 locais, a Symrise Pet Food est\u00e1 atenta a todas as partes interessadas. N\u00f3s nos esfor\u00e7amos para melhorar a qualidade de vida dos animais de estima\u00e7\u00e3o, aumentar a satisfa\u00e7\u00e3o dos propriet\u00e1rios e apoiar o desempenho da marca do cliente, tudo isso ao mesmo tempo. As marcas especializadas da Symrise Pet Food fornecem m\u00faltiplas solu\u00e7\u00f5es para os fabricantes de ra\u00e7\u00e3o para animais de estima\u00e7\u00e3o: A SPF desenvolve palatabilizantes, enquanto a Nutrios \u00e9 especializada em solu\u00e7\u00f5es nutricionais para animais de estima\u00e7\u00e3o, e a Videka se concentra na prote\u00e7\u00e3o dos alimentos. Nosso centro de medi\u00e7\u00e3o especializado, Panelis, valida o desempenho tanto de nossas solu\u00e7\u00f5es de<\/p>\n","protected":false},"author":1,"featured_media":9287,"parent":0,"menu_order":0,"comment_status":"closed","ping_status":"closed","template":"","meta":[],"yoast_head":"<!-- This site is optimized with the Yoast SEO plugin v15.8 - https:\/\/yoast.com\/wordpress\/plugins\/seo\/ -->\n<title>Sobre n\u00f3s - Appetizer - Symrise Pet Food<\/title>\n<meta name=\"robots\" content=\"index, follow, max-snippet:-1, max-image-preview:large, max-video-preview:-1\" \/>\n<link rel=\"canonical\" href=\"https:\/\/www.appetizerblog.com\/pt-br\/sobre-nos\/\" \/>\n<meta property=\"og:locale\" content=\"pt_BR\" \/>\n<meta property=\"og:type\" content=\"article\" \/>\n<meta property=\"og:title\" content=\"Sobre n\u00f3s - Appetizer - Symrise Pet Food\" \/>\n<meta property=\"og:description\" content=\"Symrise Pet Food \u00e9 l\u00edder global e pioneira em solu\u00e7\u00f5es de alto valor que melhoram o bem-estar dos pets e a satisfa\u00e7\u00e3o de seus propriet\u00e1rios. &nbsp; Hoje em dia, cada vez mais propriet\u00e1rios consideram seus animais de estima\u00e7\u00e3o como membros da fam\u00edlia. Ao projetar suas pr\u00f3prias prefer\u00eancias e necessidades sobre seus animais, eles est\u00e3o se tornando cada vez mais engajados na compra de produtos para animais de estima\u00e7\u00e3o. Eles esperam mais escolha, maior qualidade e maior prazer para seus animais de estima\u00e7\u00e3o. Com presen\u00e7a global nos cinco continentes, 1 500 funcion\u00e1rios e 1 100 gatos e c\u00e3es em 31 locais, a Symrise Pet Food est\u00e1 atenta a todas as partes interessadas. N\u00f3s nos esfor\u00e7amos para melhorar a qualidade de vida dos animais de estima\u00e7\u00e3o, aumentar a satisfa\u00e7\u00e3o dos propriet\u00e1rios e apoiar o desempenho da marca do cliente, tudo isso ao mesmo tempo. As marcas especializadas da Symrise Pet Food fornecem m\u00faltiplas solu\u00e7\u00f5es para os fabricantes de ra\u00e7\u00e3o para animais de estima\u00e7\u00e3o: A SPF desenvolve palatabilizantes, enquanto a Nutrios \u00e9 especializada em solu\u00e7\u00f5es nutricionais para animais de estima\u00e7\u00e3o, e a Videka se concentra na prote\u00e7\u00e3o dos alimentos. Nosso centro de medi\u00e7\u00e3o especializado, Panelis, valida o desempenho tanto de nossas solu\u00e7\u00f5es de\" \/>\n<meta property=\"og:url\" content=\"https:\/\/www.appetizerblog.com\/pt-br\/sobre-nos\/\" \/>\n<meta property=\"og:site_name\" content=\"Appetizer - Symrise Pet Food\" \/>\n<meta property=\"article:modified_time\" content=\"2022-03-31T13:38:33+00:00\" \/>\n<meta property=\"og:image\" content=\"https:\/\/www.appetizerblog.com\/wp-content\/uploads\/2022\/03\/Sym_Pet_Food_website_homepage-header-shader-1390x738-1.jpg\" \/>\n\t<meta property=\"og:image:width\" content=\"1390\" \/>\n\t<meta property=\"og:image:height\" content=\"738\" \/>\n<meta name=\"twitter:card\" content=\"summary_large_image\" \/>\n<meta name=\"twitter:label1\" content=\"Est. reading time\">\n\t<meta name=\"twitter:data1\" content=\"1 minute\">\n<script type=\"application\/ld+json\" class=\"yoast-schema-graph\">{\"@context\":\"https:\/\/schema.org\",\"@graph\":[{\"@type\":\"Organization\",\"@id\":\"https:\/\/www.appetizerblog.com\/pt-br\/#organization\",\"name\":\"Symrise Pet Food\",\"url\":\"https:\/\/www.appetizerblog.com\/pt-br\/\",\"sameAs\":[],\"logo\":{\"@type\":\"ImageObject\",\"@id\":\"https:\/\/www.appetizerblog.com\/pt-br\/#logo\",\"inLanguage\":\"pt-BR\",\"url\":\"https:\/\/www.appetizerblog.com\/wp-content\/uploads\/2018\/10\/DPF-APPETIZER-IDENTITY-292x42-2-1-e1539605039289.png\",\"width\":280,\"height\":60,\"caption\":\"Symrise Pet Food\"},\"image\":{\"@id\":\"https:\/\/www.appetizerblog.com\/pt-br\/#logo\"}},{\"@type\":\"WebSite\",\"@id\":\"https:\/\/www.appetizerblog.com\/pt-br\/#website\",\"url\":\"https:\/\/www.appetizerblog.com\/pt-br\/\",\"name\":\"Appetizer - Symrise Pet Food\",\"description\":\"Feeding the curiosity of pet food professionals\",\"publisher\":{\"@id\":\"https:\/\/www.appetizerblog.com\/pt-br\/#organization\"},\"potentialAction\":[{\"@type\":\"SearchAction\",\"target\":\"https:\/\/www.appetizerblog.com\/pt-br\/?s={search_term_string}\",\"query-input\":\"required name=search_term_string\"}],\"inLanguage\":\"pt-BR\"},{\"@type\":\"ImageObject\",\"@id\":\"https:\/\/www.appetizerblog.com\/pt-br\/sobre-nos\/#primaryimage\",\"inLanguage\":\"pt-BR\",\"url\":\"https:\/\/www.appetizerblog.com\/wp-content\/uploads\/2022\/05\/SYM_PF_visual_blog_About-US_1920x720px.jpg\",\"width\":1920,\"height\":720},{\"@type\":\"WebPage\",\"@id\":\"https:\/\/www.appetizerblog.com\/pt-br\/sobre-nos\/#webpage\",\"url\":\"https:\/\/www.appetizerblog.com\/pt-br\/sobre-nos\/\",\"name\":\"Sobre n\\u00f3s - Appetizer - Symrise Pet Food\",\"isPartOf\":{\"@id\":\"https:\/\/www.appetizerblog.com\/pt-br\/#website\"},\"primaryImageOfPage\":{\"@id\":\"https:\/\/www.appetizerblog.com\/pt-br\/sobre-nos\/#primaryimage\"},\"datePublished\":\"2020-12-30T07:56:42+00:00\",\"dateModified\":\"2022-03-31T13:38:33+00:00\",\"breadcrumb\":{\"@id\":\"https:\/\/www.appetizerblog.com\/pt-br\/sobre-nos\/#breadcrumb\"},\"inLanguage\":\"pt-BR\",\"potentialAction\":[{\"@type\":\"ReadAction\",\"target\":[\"https:\/\/www.appetizerblog.com\/pt-br\/sobre-nos\/\"]}]},{\"@type\":\"BreadcrumbList\",\"@id\":\"https:\/\/www.appetizerblog.com\/pt-br\/sobre-nos\/#breadcrumb\",\"itemListElement\":[{\"@type\":\"ListItem\",\"position\":1,\"item\":{\"@type\":\"WebPage\",\"@id\":\"https:\/\/www.appetizerblog.com\/pt-br\/\",\"url\":\"https:\/\/www.appetizerblog.com\/pt-br\/\",\"name\":\"In\\u00edcio\"}},{\"@type\":\"ListItem\",\"position\":2,\"item\":{\"@type\":\"WebPage\",\"@id\":\"https:\/\/www.appetizerblog.com\/pt-br\/sobre-nos\/\",\"url\":\"https:\/\/www.appetizerblog.com\/pt-br\/sobre-nos\/\",\"name\":\"Sobre n\\u00f3s\"}}]}]}<\/script>\n<!-- \/ Yoast SEO plugin. -->","_links":{"self":[{"href":"https:\/\/www.appetizerblog.com\/pt-br\/wp-json\/wp\/v2\/pages\/3090"}],"collection":[{"href":"https:\/\/www.appetizerblog.com\/pt-br\/wp-json\/wp\/v2\/pages"}],"about":[{"href":"https:\/\/www.appetizerblog.com\/pt-br\/wp-json\/wp\/v2\/types\/page"}],"author":[{"embeddable":true,"href":"https:\/\/www.appetizerblog.com\/pt-br\/wp-json\/wp\/v2\/users\/1"}],"replies":[{"embeddable":true,"href":"https:\/\/www.appetizerblog.com\/pt-br\/wp-json\/wp\/v2\/comments?post=3090"}],"version-history":[{"count":5,"href":"https:\/\/www.appetizerblog.com\/pt-br\/wp-json\/wp\/v2\/pages\/3090\/revisions"}],"predecessor-version":[{"id":9110,"href":"https:\/\/www.appetizerblog.com\/pt-br\/wp-json\/wp\/v2\/pages\/3090\/revisions\/9110"}],"wp:featuredmedia":[{"embeddable":true,"href":"https:\/\/www.appetizerblog.com\/pt-br\/wp-json\/wp\/v2\/media\/9287"}],"wp:attachment":[{"href":"https:\/\/www.appetizerblog.com\/pt-br\/wp-json\/wp\/v2\/media?parent=3090"}],"curies":[{"name":"wp","href":"https:\/\/api.w.org\/{rel}","templated":true}]}}