{"id":3092,"date":"2020-12-30T08:57:02","date_gmt":"2020-12-30T07:57:02","guid":{"rendered":"https:\/\/www.appetizerblog.com\/?page_id=3092"},"modified":"2022-03-31T15:33:14","modified_gmt":"2022-03-31T13:33:14","slug":"sobre-o-blog","status":"publish","type":"page","link":"https:\/\/www.appetizerblog.com\/pt-br\/sobre-o-blog\/","title":{"rendered":"Sobre o blog"},"content":{"rendered":"<h3><span style=\"color: #ef4130;\">Na Symrise Pet Food, estamos muito felizes em compartilhar nossa experi\u00eancia. Nosso blog, Appetizer, \u00e9 apenas uma das maneiras pela qual podemos fazer isso.<\/span><\/h3>\n<p>&nbsp;<\/p>\n<p>Trabalhamos em estreita colabora\u00e7\u00e3o com nossos especialistas internos para fornecer a voc\u00ea todas as ferramentas e informa\u00e7\u00f5es de que voc\u00ea precisa para ajud\u00e1-lo a desenvolver seu neg\u00f3cio. Aqui, voc\u00ea encontrar\u00e1 uma variedade de artigos, incluindo: de volta ao b\u00e1sico; dicas; an\u00e1lise de tend\u00eancias; melhores pr\u00e1ticas; entrevistas com nossos especialistas e v\u00eddeos. Essas postagens do blog cobrem todas as nossas principais \u00e1reas de especializa\u00e7\u00e3o: palatabilidade dos alimentos; nutri\u00e7\u00e3o dos pets; prote\u00e7\u00e3o dos alimentos e medi\u00e7\u00e3o.<\/p>\n<p>Caso tenha alguma d\u00favida, basta clicar em \u201centrar em contato com o especialista\u201d e preencher o formul\u00e1rio. Sua mensagem ser\u00e1 transferida diretamente para o especialista em quest\u00e3o.<\/p>\n<p>&nbsp;<\/p>\n<p>Tamb\u00e9m nos orgulhamos em fazer parceria com especialistas do setor como Mintel para enriquecer nosso conte\u00fado com as mais recentes <em>insights<\/em> de mercado.<\/p>\n<p>Em uma ind\u00fastria em r\u00e1pido crescimento e mudan\u00e7a, moldada por tecnologias em evolu\u00e7\u00e3o e novas formas de vida entre donos e animais de estima\u00e7\u00e3o, esperamos que este blog ajude voc\u00ea a entender melhor esse mercado fascinante, al\u00e9m de fornecer informa\u00e7\u00f5es sobre as mudan\u00e7as nas expectativas dos propriet\u00e1rios em rela\u00e7\u00e3o aos seus animais de estima\u00e7\u00e3o.<\/p>\n<p>&nbsp;<\/p>\n<p>Algum assunto que voc\u00ea gostaria que abord\u00e1ssemos? Sinta-se \u00e0 vontade para enviar suas sugest\u00f5es por e-mail para <a href=\"mailto:contact@diana-petfood.com\">contact@diana-petfood.com<\/a>.<\/p>\n<p>&nbsp;<\/p>\n<p><strong>Como h\u00e1 muito a dizer e n\u00e3o queremos ser os \u00fanicos a falar, encorajamos voc\u00ea a comentar nossos artigos!<\/strong><\/p>\n<p><strong>\u00a0<\/strong><\/p>\n<p>Os coment\u00e1rios s\u00e3o uma \u00f3tima maneira de obter sua opini\u00e3o e discutir assuntos mais detalhadamente, desde que voc\u00ea respeite algumas regras b\u00e1sicas detalhadas em nossa pol\u00edtica de coment\u00e1rios abaixo.<\/p>\n<p>Reservamo-nos o direito de editar ou excluir qualquer coment\u00e1rio enviado neste blog sem aviso pr\u00e9vio se:<\/p>\n<p>&#8211; conter conte\u00fado promocional que n\u00e3o atende ao objetivo<\/p>\n<p>&#8211; n\u00e3o estiver relacionado ao t\u00f3pico do artigo<\/p>\n<p>&#8211; contiver conte\u00fado impr\u00f3prio, como palavr\u00f5es, amea\u00e7as, linguagem ofensiva e enganosa ou caluniosa<\/p>\n<p>&#8211; \u00e9 desrespeitosa, assedia ou ataca outras pessoas<\/p>\n<p>&#8211; \u00e9 an\u00f4nima<\/p>\n<p>&nbsp;<\/p>\n<p>Esta pol\u00edtica de coment\u00e1rios pode estar sujeita a altera\u00e7\u00f5es. Sinta-se \u00e0 vontade para nos contatar se tiver alguma d\u00favida em <a href=\"mailto:contact@diana-petfood.com\">contact@diana-petfood.com<\/a>.<\/p>\n<p>Como todos os coment\u00e1rios s\u00e3o moderados, pode haver um pequeno atraso antes que o seu seja publicado &#8211; obrigado pela sua compreens\u00e3o!<\/p>\n","protected":false},"excerpt":{"rendered":"<p>Na Symrise Pet Food, estamos muito felizes em compartilhar nossa experi\u00eancia. Nosso blog, Appetizer, \u00e9 apenas uma das maneiras pela qual podemos fazer isso. &nbsp; Trabalhamos em estreita colabora\u00e7\u00e3o com nossos especialistas internos para fornecer a voc\u00ea todas as ferramentas e informa\u00e7\u00f5es de que voc\u00ea precisa para ajud\u00e1-lo a desenvolver seu neg\u00f3cio. Aqui, voc\u00ea encontrar\u00e1 uma variedade de artigos, incluindo: de volta ao b\u00e1sico; dicas; an\u00e1lise de tend\u00eancias; melhores pr\u00e1ticas; entrevistas com nossos especialistas e v\u00eddeos. Essas postagens do blog cobrem todas as nossas principais \u00e1reas de especializa\u00e7\u00e3o: palatabilidade dos alimentos; nutri\u00e7\u00e3o dos pets; prote\u00e7\u00e3o dos alimentos e medi\u00e7\u00e3o. Caso tenha alguma d\u00favida, basta clicar em \u201centrar em contato com o especialista\u201d e preencher o formul\u00e1rio. Sua mensagem ser\u00e1 transferida diretamente para o especialista em quest\u00e3o. &nbsp; Tamb\u00e9m nos orgulhamos em fazer parceria com especialistas do setor como Mintel para enriquecer nosso conte\u00fado com as mais recentes insights de mercado. Em uma ind\u00fastria em r\u00e1pido crescimento e mudan\u00e7a, moldada por tecnologias em evolu\u00e7\u00e3o e novas formas de vida entre donos e animais de estima\u00e7\u00e3o, esperamos que este blog ajude voc\u00ea a entender melhor esse mercado fascinante, al\u00e9m de fornecer informa\u00e7\u00f5es sobre as mudan\u00e7as nas expectativas dos propriet\u00e1rios em rela\u00e7\u00e3o aos<\/p>\n","protected":false},"author":1,"featured_media":9232,"parent":0,"menu_order":0,"comment_status":"closed","ping_status":"closed","template":"","meta":[],"yoast_head":"<!-- This site is optimized with the Yoast SEO plugin v15.8 - https:\/\/yoast.com\/wordpress\/plugins\/seo\/ -->\n<title>Sobre o blog - Appetizer - Symrise Pet Food<\/title>\n<meta name=\"robots\" content=\"index, follow, max-snippet:-1, max-image-preview:large, max-video-preview:-1\" \/>\n<link rel=\"canonical\" href=\"https:\/\/www.appetizerblog.com\/pt-br\/sobre-o-blog\/\" \/>\n<meta property=\"og:locale\" content=\"pt_BR\" \/>\n<meta property=\"og:type\" content=\"article\" \/>\n<meta property=\"og:title\" content=\"Sobre o blog - Appetizer - Symrise Pet Food\" \/>\n<meta property=\"og:description\" content=\"Na Symrise Pet Food, estamos muito felizes em compartilhar nossa experi\u00eancia. Nosso blog, Appetizer, \u00e9 apenas uma das maneiras pela qual podemos fazer isso. &nbsp; Trabalhamos em estreita colabora\u00e7\u00e3o com nossos especialistas internos para fornecer a voc\u00ea todas as ferramentas e informa\u00e7\u00f5es de que voc\u00ea precisa para ajud\u00e1-lo a desenvolver seu neg\u00f3cio. Aqui, voc\u00ea encontrar\u00e1 uma variedade de artigos, incluindo: de volta ao b\u00e1sico; dicas; an\u00e1lise de tend\u00eancias; melhores pr\u00e1ticas; entrevistas com nossos especialistas e v\u00eddeos. Essas postagens do blog cobrem todas as nossas principais \u00e1reas de especializa\u00e7\u00e3o: palatabilidade dos alimentos; nutri\u00e7\u00e3o dos pets; prote\u00e7\u00e3o dos alimentos e medi\u00e7\u00e3o. Caso tenha alguma d\u00favida, basta clicar em \u201centrar em contato com o especialista\u201d e preencher o formul\u00e1rio. Sua mensagem ser\u00e1 transferida diretamente para o especialista em quest\u00e3o. &nbsp; Tamb\u00e9m nos orgulhamos em fazer parceria com especialistas do setor como Mintel para enriquecer nosso conte\u00fado com as mais recentes insights de mercado. Em uma ind\u00fastria em r\u00e1pido crescimento e mudan\u00e7a, moldada por tecnologias em evolu\u00e7\u00e3o e novas formas de vida entre donos e animais de estima\u00e7\u00e3o, esperamos que este blog ajude voc\u00ea a entender melhor esse mercado fascinante, al\u00e9m de fornecer informa\u00e7\u00f5es sobre as mudan\u00e7as nas expectativas dos propriet\u00e1rios em rela\u00e7\u00e3o aos\" \/>\n<meta property=\"og:url\" content=\"https:\/\/www.appetizerblog.com\/pt-br\/sobre-o-blog\/\" \/>\n<meta property=\"og:site_name\" content=\"Appetizer - Symrise Pet Food\" \/>\n<meta property=\"article:modified_time\" content=\"2022-03-31T13:33:14+00:00\" \/>\n<meta property=\"og:image\" content=\"https:\/\/www.appetizerblog.com\/wp-content\/uploads\/2021\/01\/diana-pet-food-about-the-blog-1920x720_2021.jpg\" \/>\n\t<meta property=\"og:image:width\" content=\"1920\" \/>\n\t<meta property=\"og:image:height\" content=\"720\" \/>\n<meta name=\"twitter:card\" content=\"summary_large_image\" \/>\n<meta name=\"twitter:label1\" content=\"Est. reading time\">\n\t<meta name=\"twitter:data1\" content=\"2 minutes\">\n<script type=\"application\/ld+json\" class=\"yoast-schema-graph\">{\"@context\":\"https:\/\/schema.org\",\"@graph\":[{\"@type\":\"Organization\",\"@id\":\"https:\/\/www.appetizerblog.com\/pt-br\/#organization\",\"name\":\"Symrise Pet Food\",\"url\":\"https:\/\/www.appetizerblog.com\/pt-br\/\",\"sameAs\":[],\"logo\":{\"@type\":\"ImageObject\",\"@id\":\"https:\/\/www.appetizerblog.com\/pt-br\/#logo\",\"inLanguage\":\"pt-BR\",\"url\":\"https:\/\/www.appetizerblog.com\/wp-content\/uploads\/2018\/10\/DPF-APPETIZER-IDENTITY-292x42-2-1-e1539605039289.png\",\"width\":280,\"height\":60,\"caption\":\"Symrise Pet Food\"},\"image\":{\"@id\":\"https:\/\/www.appetizerblog.com\/pt-br\/#logo\"}},{\"@type\":\"WebSite\",\"@id\":\"https:\/\/www.appetizerblog.com\/pt-br\/#website\",\"url\":\"https:\/\/www.appetizerblog.com\/pt-br\/\",\"name\":\"Appetizer - Symrise Pet Food\",\"description\":\"Feeding the curiosity of pet food professionals\",\"publisher\":{\"@id\":\"https:\/\/www.appetizerblog.com\/pt-br\/#organization\"},\"potentialAction\":[{\"@type\":\"SearchAction\",\"target\":\"https:\/\/www.appetizerblog.com\/pt-br\/?s={search_term_string}\",\"query-input\":\"required name=search_term_string\"}],\"inLanguage\":\"pt-BR\"},{\"@type\":\"ImageObject\",\"@id\":\"https:\/\/www.appetizerblog.com\/pt-br\/sobre-o-blog\/#primaryimage\",\"inLanguage\":\"pt-BR\",\"url\":\"https:\/\/www.appetizerblog.com\/wp-content\/uploads\/2022\/05\/SYM_PF_visual_blog_About-the-blog_1920x720px.jpg\",\"width\":1920,\"height\":720},{\"@type\":\"WebPage\",\"@id\":\"https:\/\/www.appetizerblog.com\/pt-br\/sobre-o-blog\/#webpage\",\"url\":\"https:\/\/www.appetizerblog.com\/pt-br\/sobre-o-blog\/\",\"name\":\"Sobre o blog - Appetizer - Symrise Pet Food\",\"isPartOf\":{\"@id\":\"https:\/\/www.appetizerblog.com\/pt-br\/#website\"},\"primaryImageOfPage\":{\"@id\":\"https:\/\/www.appetizerblog.com\/pt-br\/sobre-o-blog\/#primaryimage\"},\"datePublished\":\"2020-12-30T07:57:02+00:00\",\"dateModified\":\"2022-03-31T13:33:14+00:00\",\"breadcrumb\":{\"@id\":\"https:\/\/www.appetizerblog.com\/pt-br\/sobre-o-blog\/#breadcrumb\"},\"inLanguage\":\"pt-BR\",\"potentialAction\":[{\"@type\":\"ReadAction\",\"target\":[\"https:\/\/www.appetizerblog.com\/pt-br\/sobre-o-blog\/\"]}]},{\"@type\":\"BreadcrumbList\",\"@id\":\"https:\/\/www.appetizerblog.com\/pt-br\/sobre-o-blog\/#breadcrumb\",\"itemListElement\":[{\"@type\":\"ListItem\",\"position\":1,\"item\":{\"@type\":\"WebPage\",\"@id\":\"https:\/\/www.appetizerblog.com\/pt-br\/\",\"url\":\"https:\/\/www.appetizerblog.com\/pt-br\/\",\"name\":\"In\\u00edcio\"}},{\"@type\":\"ListItem\",\"position\":2,\"item\":{\"@type\":\"WebPage\",\"@id\":\"https:\/\/www.appetizerblog.com\/pt-br\/sobre-o-blog\/\",\"url\":\"https:\/\/www.appetizerblog.com\/pt-br\/sobre-o-blog\/\",\"name\":\"Sobre o blog\"}}]}]}<\/script>\n<!-- \/ Yoast SEO plugin. -->","_links":{"self":[{"href":"https:\/\/www.appetizerblog.com\/pt-br\/wp-json\/wp\/v2\/pages\/3092"}],"collection":[{"href":"https:\/\/www.appetizerblog.com\/pt-br\/wp-json\/wp\/v2\/pages"}],"about":[{"href":"https:\/\/www.appetizerblog.com\/pt-br\/wp-json\/wp\/v2\/types\/page"}],"author":[{"embeddable":true,"href":"https:\/\/www.appetizerblog.com\/pt-br\/wp-json\/wp\/v2\/users\/1"}],"replies":[{"embeddable":true,"href":"https:\/\/www.appetizerblog.com\/pt-br\/wp-json\/wp\/v2\/comments?post=3092"}],"version-history":[{"count":8,"href":"https:\/\/www.appetizerblog.com\/pt-br\/wp-json\/wp\/v2\/pages\/3092\/revisions"}],"predecessor-version":[{"id":9108,"href":"https:\/\/www.appetizerblog.com\/pt-br\/wp-json\/wp\/v2\/pages\/3092\/revisions\/9108"}],"wp:featuredmedia":[{"embeddable":true,"href":"https:\/\/www.appetizerblog.com\/pt-br\/wp-json\/wp\/v2\/media\/9232"}],"wp:attachment":[{"href":"https:\/\/www.appetizerblog.com\/pt-br\/wp-json\/wp\/v2\/media?parent=3092"}],"curies":[{"name":"wp","href":"https:\/\/api.w.org\/{rel}","templated":true}]}}